{"id":4395,"date":"2023-02-13T12:25:53","date_gmt":"2023-02-13T12:25:53","guid":{"rendered":"https:\/\/sifnoslighthouse.com\/mariages\/"},"modified":"2025-11-18T12:56:12","modified_gmt":"2025-11-18T12:56:12","slug":"mariages","status":"publish","type":"page","link":"https:\/\/sifnoslighthouse.com\/fr\/mariages\/","title":{"rendered":"Mariages"},"content":{"rendered":"<div class=\"wpb-content-wrapper\"><p>[vc_row full_width=&#8221;stretch_row_content_no_spaces&#8221;][vc_column]<div  class=\"hero-slider hero-slider--booking style1 hero-slider__big\" data-autoplay=\"false\" data-loop=\"false\" data-speed=\"5000\"><div class=\"hero-slider__items\"><div class=\"hero-slider__item has-overlay\" style=\"background-image: url(https:\/\/sifnoslighthouse.com\/wp-content\/uploads\/2025\/11\/wedding-Lighthouse-sifnos.webp);\"><div class=\"hero-slider__wrap jumbotron-text__content\"><div class=\"subtitle subtitle--slider\">Lighthouse Faros Sifnos<\/div><div class=\"title title--slider\">Sifnos de mariage<\/div><div class=\"hero-slider__btn__wrapper text-center\"><a href=\"https:\/\/lighthousehotelsifnos.reserve-online.net\/\" target=\"_self\" title=\"button\" class=\"hero-slider__btn\">R\u00e9servez maintenant<\/a><\/div><\/div><\/div><\/div><\/div>[\/vc_column][\/vc_row][vc_row][vc_column][vc_custom_heading text=&#8221;Mariages au phare sur l&#8217;\u00eele de Sifnos&#8221; font_container=&#8221;tag:h1|font_size:34|text_align:center&#8221; use_theme_fonts=&#8221;yes&#8221;][vc_separator color=&#8221;black&#8221; style=&#8221;shadow&#8221;]<div class=\"text-block \" ><div class=\"simple-text \"><p style=\"text-align: center;\">Faites-nous savoir \u00e0 temps pour organiser le meilleur h\u00e9bergement possible !<\/p>\n<p style=\"text-align: center;\">Vous pouvez utiliser notre espace piscine pour votre f\u00eate, avec un petit suppl\u00e9ment sur votre s\u00e9jour !<\/p>\n<p style=\"text-align: center;\">Nous serons heureux de vous aider \u00e0 organiser votre r\u00e9ception de mariage \u00e0 la piscine de toute fa\u00e7on que vous aimeriez que nous&#8230;<\/p>\n<p style=\"text-align: center;\">La musique de votre choix peut \u00eatre diffus\u00e9e \u00e0 l&#8217;espace piscine.<\/p>\n<p style=\"text-align: center;\">\u00cates-vous int\u00e9ress\u00e9 par une introduction au piano pour vos invit\u00e9s,<\/p>\n<p style=\"text-align: center;\">pour une ou deux heures \u00e0 la piscine ; si vous le demandez \u00e0 temps, nous ferons de notre mieux pour vous le fournir.<\/p>\n<p style=\"text-align: center;\">Si vous et vos amis d\u00e9cidez de rester au <strong>Lighthouse Hotel<\/strong> pour cette heureuse occasion, nous serons heureux de vous offrir une d\u00e9coration de mariage de votre suite, et pour accompagner la pr\u00e9paration de la mari\u00e9e, avec du champagne frais !<\/p>\n<\/div><\/div>[vc_empty_space][\/vc_column][\/vc_row][vc_row][vc_column][vc_raw_html]JTVCZW52aXJhLWdhbGxlcnklMjBpZCUzRCUyMjI0MDclMjIlNUQ=[\/vc_raw_html][vc_custom_heading text=&#8221;Ce Que L&#8217;H\u00f4tel Du Phare Peut Offrir&#8221; font_container=&#8221;tag:h1|font_size:34|text_align:center&#8221; use_theme_fonts=&#8221;yes&#8221;][vc_separator color=&#8221;black&#8221; style=&#8221;shadow&#8221;]<div class=\"text-block \" ><div class=\"simple-text \"><p style=\"text-align: center;\">Hormis de merveilleux endroits pour les appartements, la r\u00e9ception vous informera sur tous les autres services.<\/p>\n<p style=\"text-align: center;\">Manucure, p\u00e9dicure ou coiffeur \u00e0 votre appartement, sur demande \u00e0 la r\u00e9ception Vous pouvez b\u00e9n\u00e9ficier d&#8217;un massage th\u00e9rapeutique ou relaxant, sur demande \u00e0 la r\u00e9ception Vous pouvez faire garder votre b\u00e9b\u00e9 sur demande \u00e0 la r\u00e9ception (merci de nous en informer \u00e0 temps)<\/p>\n<p style=\"text-align: center;\">Nous vous garantissons un s\u00e9jour intime et un moment des plus agr\u00e9ables au Lighthouse Hotel !<\/p>\n<p style=\"text-align: center;\">Nous vous rappelons que, si vous d\u00e9cidez de nous faire confiance pour ce moment unique de votre vie, nous vous proposons des tarifs sp\u00e9ciaux d&#8217;h\u00e9bergement ! Nous pourrions organiser ensemble votre petit d\u00e9jeuner pr\u00e9f\u00e9r\u00e9.<\/p>\n<\/div><\/div>[\/vc_column][\/vc_row]<\/p>\n<\/div>","protected":false},"excerpt":{"rendered":"<p>[vc_row full_width=&#8221;stretch_row_content_no_spaces&#8221;][vc_column][\/vc_column][\/vc_row][vc_row][vc_column][vc_custom_heading text=&#8221;Mariages au phare sur l&#8217;\u00eele de Sifnos&#8221; font_container=&#8221;tag:h1|font_size:34|text_align:center&#8221; use_theme_fonts=&#8221;yes&#8221;][vc_separator color=&#8221;black&#8221; style=&#8221;shadow&#8221;][vc_empty_space][\/vc_column][\/vc_row][vc_row][vc_column][vc_raw_html]JTVCZW52aXJhLWdhbGxlcnklMjBpZCUzRCUyMjI0MDclMjIlNUQ=[\/vc_raw_html][vc_custom_heading text=&#8221;Ce Que L&#8217;H\u00f4tel Du Phare Peut Offrir&#8221; font_container=&#8221;tag:h1|font_size:34|text_align:center&#8221; use_theme_fonts=&#8221;yes&#8221;][vc_separator color=&#8221;black&#8221; style=&#8221;shadow&#8221;][\/vc_column][\/vc_row]<\/p>\n","protected":false},"author":1,"featured_media":0,"parent":0,"menu_order":0,"comment_status":"closed","ping_status":"closed","template":"","meta":{"footnotes":""},"class_list":["post-4395","page","type-page","status-publish","hentry"],"yoast_head":"<!-- This site is optimized with the Yoast SEO plugin v27.4 - https:\/\/yoast.com\/product\/yoast-seo-wordpress\/ -->\n<title>Mariages - Official Web Site of Lighthouse<\/title>\n<meta name=\"robots\" content=\"index, follow, max-snippet:-1, max-image-preview:large, max-video-preview:-1\" \/>\n<link rel=\"canonical\" href=\"https:\/\/sifnoslighthouse.com\/fr\/mariages\/\" \/>\n<meta property=\"og:locale\" content=\"fr_FR\" \/>\n<meta property=\"og:type\" content=\"article\" \/>\n<meta property=\"og:title\" content=\"Mariages - Official Web Site of Lighthouse\" \/>\n<meta property=\"og:description\" content=\"[vc_row full_width=&#8221;stretch_row_content_no_spaces&#8221;][vc_column][\/vc_column][\/vc_row][vc_row][vc_column][vc_custom_heading text=&#8221;Mariages au phare sur l&#8217;\u00eele de Sifnos&#8221; font_container=&#8221;tag:h1|font_size:34|text_align:center&#8221; use_theme_fonts=&#8221;yes&#8221;][vc_separator color=&#8221;black&#8221; style=&#8221;shadow&#8221;][vc_empty_space][\/vc_column][\/vc_row][vc_row][vc_column][vc_raw_html]JTVCZW52aXJhLWdhbGxlcnklMjBpZCUzRCUyMjI0MDclMjIlNUQ=[\/vc_raw_html][vc_custom_heading text=&#8221;Ce Que L&#8217;H\u00f4tel Du Phare Peut Offrir&#8221; font_container=&#8221;tag:h1|font_size:34|text_align:center&#8221; use_theme_fonts=&#8221;yes&#8221;][vc_separator color=&#8221;black&#8221; style=&#8221;shadow&#8221;][\/vc_column][\/vc_row]\" \/>\n<meta property=\"og:url\" content=\"https:\/\/sifnoslighthouse.com\/fr\/mariages\/\" \/>\n<meta property=\"og:site_name\" content=\"Official Web Site of Lighthouse\" \/>\n<meta property=\"article:publisher\" content=\"https:\/\/www.facebook.com\/SifnosHotels\" \/>\n<meta property=\"article:modified_time\" content=\"2025-11-18T12:56:12+00:00\" \/>\n<meta property=\"og:image\" content=\"https:\/\/sifnoslighthouse.com\/wp-content\/uploads\/2021\/11\/IMG_0015.jpg\" \/>\n\t<meta property=\"og:image:width\" content=\"1920\" \/>\n\t<meta property=\"og:image:height\" content=\"1026\" \/>\n\t<meta property=\"og:image:type\" content=\"image\/jpeg\" \/>\n<meta name=\"twitter:card\" content=\"summary_large_image\" \/>\n<meta name=\"twitter:site\" content=\"@sifnolighthouse\" \/>\n<meta name=\"twitter:label1\" content=\"Dur\u00e9e de lecture estim\u00e9e\" \/>\n\t<meta name=\"twitter:data1\" content=\"2 minutes\" \/>\n<script type=\"application\/ld+json\" class=\"yoast-schema-graph\">{\"@context\":\"https:\\\/\\\/schema.org\",\"@graph\":[{\"@type\":\"WebPage\",\"@id\":\"https:\\\/\\\/sifnoslighthouse.com\\\/fr\\\/mariages\\\/\",\"url\":\"https:\\\/\\\/sifnoslighthouse.com\\\/fr\\\/mariages\\\/\",\"name\":\"Mariages - Official Web Site of Lighthouse\",\"isPartOf\":{\"@id\":\"https:\\\/\\\/brown-kudu-423544.hostingersite.com\\\/#website\"},\"datePublished\":\"2023-02-13T12:25:53+00:00\",\"dateModified\":\"2025-11-18T12:56:12+00:00\",\"breadcrumb\":{\"@id\":\"https:\\\/\\\/sifnoslighthouse.com\\\/fr\\\/mariages\\\/#breadcrumb\"},\"inLanguage\":\"fr-FR\",\"potentialAction\":[{\"@type\":\"ReadAction\",\"target\":[\"https:\\\/\\\/sifnoslighthouse.com\\\/fr\\\/mariages\\\/\"]}]},{\"@type\":\"BreadcrumbList\",\"@id\":\"https:\\\/\\\/sifnoslighthouse.com\\\/fr\\\/mariages\\\/#breadcrumb\",\"itemListElement\":[{\"@type\":\"ListItem\",\"position\":1,\"name\":\"Home\",\"item\":\"https:\\\/\\\/sifnoslighthouse.com\\\/fr\\\/\"},{\"@type\":\"ListItem\",\"position\":2,\"name\":\"Mariages\"}]},{\"@type\":\"WebSite\",\"@id\":\"https:\\\/\\\/brown-kudu-423544.hostingersite.com\\\/#website\",\"url\":\"https:\\\/\\\/brown-kudu-423544.hostingersite.com\\\/\",\"name\":\"Official Web Site of Lighthouse\",\"description\":\"Hotel Sifnos\",\"publisher\":{\"@id\":\"https:\\\/\\\/brown-kudu-423544.hostingersite.com\\\/#organization\"},\"alternateName\":\"Accommodation Sifnos\",\"potentialAction\":[{\"@type\":\"SearchAction\",\"target\":{\"@type\":\"EntryPoint\",\"urlTemplate\":\"https:\\\/\\\/brown-kudu-423544.hostingersite.com\\\/?s={search_term_string}\"},\"query-input\":{\"@type\":\"PropertyValueSpecification\",\"valueRequired\":true,\"valueName\":\"search_term_string\"}}],\"inLanguage\":\"fr-FR\"},{\"@type\":\"Organization\",\"@id\":\"https:\\\/\\\/brown-kudu-423544.hostingersite.com\\\/#organization\",\"name\":\"Light house Faros Sifnos\",\"url\":\"https:\\\/\\\/brown-kudu-423544.hostingersite.com\\\/\",\"logo\":{\"@type\":\"ImageObject\",\"inLanguage\":\"fr-FR\",\"@id\":\"https:\\\/\\\/brown-kudu-423544.hostingersite.com\\\/#\\\/schema\\\/logo\\\/image\\\/\",\"url\":\"https:\\\/\\\/sifnoslighthouse.com\\\/wp-content\\\/uploads\\\/2022\\\/01\\\/logo.png\",\"contentUrl\":\"https:\\\/\\\/sifnoslighthouse.com\\\/wp-content\\\/uploads\\\/2022\\\/01\\\/logo.png\",\"width\":350,\"height\":198,\"caption\":\"Light house Faros Sifnos\"},\"image\":{\"@id\":\"https:\\\/\\\/brown-kudu-423544.hostingersite.com\\\/#\\\/schema\\\/logo\\\/image\\\/\"},\"sameAs\":[\"https:\\\/\\\/www.facebook.com\\\/SifnosHotels\",\"https:\\\/\\\/x.com\\\/sifnolighthouse\",\"https:\\\/\\\/gr.pinterest.com\\\/SifnosHotels\\\/_created\\\/\"]}]}<\/script>\n<!-- \/ Yoast SEO plugin. -->","yoast_head_json":{"title":"Mariages - Official Web Site of Lighthouse","robots":{"index":"index","follow":"follow","max-snippet":"max-snippet:-1","max-image-preview":"max-image-preview:large","max-video-preview":"max-video-preview:-1"},"canonical":"https:\/\/sifnoslighthouse.com\/fr\/mariages\/","og_locale":"fr_FR","og_type":"article","og_title":"Mariages - Official Web Site of Lighthouse","og_description":"[vc_row full_width=&#8221;stretch_row_content_no_spaces&#8221;][vc_column][\/vc_column][\/vc_row][vc_row][vc_column][vc_custom_heading text=&#8221;Mariages au phare sur l&#8217;\u00eele de Sifnos&#8221; font_container=&#8221;tag:h1|font_size:34|text_align:center&#8221; use_theme_fonts=&#8221;yes&#8221;][vc_separator color=&#8221;black&#8221; style=&#8221;shadow&#8221;][vc_empty_space][\/vc_column][\/vc_row][vc_row][vc_column][vc_raw_html]JTVCZW52aXJhLWdhbGxlcnklMjBpZCUzRCUyMjI0MDclMjIlNUQ=[\/vc_raw_html][vc_custom_heading text=&#8221;Ce Que L&#8217;H\u00f4tel Du Phare Peut Offrir&#8221; font_container=&#8221;tag:h1|font_size:34|text_align:center&#8221; use_theme_fonts=&#8221;yes&#8221;][vc_separator color=&#8221;black&#8221; style=&#8221;shadow&#8221;][\/vc_column][\/vc_row]","og_url":"https:\/\/sifnoslighthouse.com\/fr\/mariages\/","og_site_name":"Official Web Site of Lighthouse","article_publisher":"https:\/\/www.facebook.com\/SifnosHotels","article_modified_time":"2025-11-18T12:56:12+00:00","og_image":[{"width":1920,"height":1026,"url":"https:\/\/sifnoslighthouse.com\/wp-content\/uploads\/2021\/11\/IMG_0015.jpg","type":"image\/jpeg"}],"twitter_card":"summary_large_image","twitter_site":"@sifnolighthouse","twitter_misc":{"Dur\u00e9e de lecture estim\u00e9e":"2 minutes"},"schema":{"@context":"https:\/\/schema.org","@graph":[{"@type":"WebPage","@id":"https:\/\/sifnoslighthouse.com\/fr\/mariages\/","url":"https:\/\/sifnoslighthouse.com\/fr\/mariages\/","name":"Mariages - Official Web Site of Lighthouse","isPartOf":{"@id":"https:\/\/brown-kudu-423544.hostingersite.com\/#website"},"datePublished":"2023-02-13T12:25:53+00:00","dateModified":"2025-11-18T12:56:12+00:00","breadcrumb":{"@id":"https:\/\/sifnoslighthouse.com\/fr\/mariages\/#breadcrumb"},"inLanguage":"fr-FR","potentialAction":[{"@type":"ReadAction","target":["https:\/\/sifnoslighthouse.com\/fr\/mariages\/"]}]},{"@type":"BreadcrumbList","@id":"https:\/\/sifnoslighthouse.com\/fr\/mariages\/#breadcrumb","itemListElement":[{"@type":"ListItem","position":1,"name":"Home","item":"https:\/\/sifnoslighthouse.com\/fr\/"},{"@type":"ListItem","position":2,"name":"Mariages"}]},{"@type":"WebSite","@id":"https:\/\/brown-kudu-423544.hostingersite.com\/#website","url":"https:\/\/brown-kudu-423544.hostingersite.com\/","name":"Official Web Site of Lighthouse","description":"Hotel Sifnos","publisher":{"@id":"https:\/\/brown-kudu-423544.hostingersite.com\/#organization"},"alternateName":"Accommodation Sifnos","potentialAction":[{"@type":"SearchAction","target":{"@type":"EntryPoint","urlTemplate":"https:\/\/brown-kudu-423544.hostingersite.com\/?s={search_term_string}"},"query-input":{"@type":"PropertyValueSpecification","valueRequired":true,"valueName":"search_term_string"}}],"inLanguage":"fr-FR"},{"@type":"Organization","@id":"https:\/\/brown-kudu-423544.hostingersite.com\/#organization","name":"Light house Faros Sifnos","url":"https:\/\/brown-kudu-423544.hostingersite.com\/","logo":{"@type":"ImageObject","inLanguage":"fr-FR","@id":"https:\/\/brown-kudu-423544.hostingersite.com\/#\/schema\/logo\/image\/","url":"https:\/\/sifnoslighthouse.com\/wp-content\/uploads\/2022\/01\/logo.png","contentUrl":"https:\/\/sifnoslighthouse.com\/wp-content\/uploads\/2022\/01\/logo.png","width":350,"height":198,"caption":"Light house Faros Sifnos"},"image":{"@id":"https:\/\/brown-kudu-423544.hostingersite.com\/#\/schema\/logo\/image\/"},"sameAs":["https:\/\/www.facebook.com\/SifnosHotels","https:\/\/x.com\/sifnolighthouse","https:\/\/gr.pinterest.com\/SifnosHotels\/_created\/"]}]}},"_links":{"self":[{"href":"https:\/\/sifnoslighthouse.com\/fr\/wp-json\/wp\/v2\/pages\/4395","targetHints":{"allow":["GET"]}}],"collection":[{"href":"https:\/\/sifnoslighthouse.com\/fr\/wp-json\/wp\/v2\/pages"}],"about":[{"href":"https:\/\/sifnoslighthouse.com\/fr\/wp-json\/wp\/v2\/types\/page"}],"author":[{"embeddable":true,"href":"https:\/\/sifnoslighthouse.com\/fr\/wp-json\/wp\/v2\/users\/1"}],"replies":[{"embeddable":true,"href":"https:\/\/sifnoslighthouse.com\/fr\/wp-json\/wp\/v2\/comments?post=4395"}],"version-history":[{"count":0,"href":"https:\/\/sifnoslighthouse.com\/fr\/wp-json\/wp\/v2\/pages\/4395\/revisions"}],"wp:attachment":[{"href":"https:\/\/sifnoslighthouse.com\/fr\/wp-json\/wp\/v2\/media?parent=4395"}],"curies":[{"name":"wp","href":"https:\/\/api.w.org\/{rel}","templated":true}]}}