{"id":4376,"date":"2023-02-13T11:28:34","date_gmt":"2023-02-13T11:28:34","guid":{"rendered":"https:\/\/sifnoslighthouse.com\/hebergement\/studios-dalia-au-niveau-superieur2-personnes\/"},"modified":"2025-11-18T12:54:15","modified_gmt":"2025-11-18T12:54:15","slug":"studios-dalia-au-niveau-superieur2-personnes","status":"publish","type":"page","link":"https:\/\/sifnoslighthouse.com\/fr\/hebergement\/studios-dalia-au-niveau-superieur2-personnes\/","title":{"rendered":"Studios Dalia au niveau sup\u00e9rieur(2 personnes)"},"content":{"rendered":"<div class=\"wpb-content-wrapper\"><p>[vc_row full_width=&#8221;stretch_row_content_no_spaces&#8221;][vc_column]<div  class=\"hero-slider hero-slider--booking style1 hero-slider__big\" data-autoplay=\"false\" data-loop=\"false\" data-speed=\"5000\"><div class=\"hero-slider__items\"><div class=\"hero-slider__item has-overlay\" style=\"background-image: url(https:\/\/sifnoslighthouse.com\/wp-content\/uploads\/2021\/12\/42333.jpg);\"><div class=\"hero-slider__wrap jumbotron-text__content\"><div class=\"subtitle subtitle--slider\">Lighthouse faros Sifnos<\/div><div class=\"title title--slider\">Studios Dalia au niveau sup\u00e9rieur(2 personnes)<\/div><div class=\"hero-slider__btn__wrapper text-center\"><a href=\"https:\/\/lighthousehotelsifnos.reserve-online.net\/\" target=\"_self\" title=\"button\" class=\"hero-slider__btn\">R\u00e9servez maintenant<\/a><\/div><\/div><\/div><\/div><\/div>[vc_empty_space][\/vc_column][\/vc_row][vc_row][vc_column width=&#8221;1\/2&#8243;]<div  class=\"featured-rooms-slider\"><div class=\"featured-rooms-slider__item\" style=\"background-image: url(https:\/\/sifnoslighthouse.com\/wp-content\/uploads\/2021\/12\/Amaryllis-suite-13.jpg);\"><div class=\"container\"><div class=\"featured-rooms-slider__content\"><div class=\"featured-rooms-slider__title\">Installations<\/div><div class=\"featured-rooms-slider__text\"><p>1) Cuisine enti\u00e8rement \u00e9quip\u00e9e pour le petit-d\u00e9jeuner et la cuisine de base avec deux plaques chauffantes 2) R\u00e9frig\u00e9rateur 3) Grande salle de bain 4) S\u00e8che-cheveux 5) A \/ C 6) TV 7) T\u00e9l\u00e9phone 8) Lecteur radio-CD 9) Coffre-fort<\/p>\n<\/div><a class=\"btn btn--md btn--normal\" href=\"https:\/\/lighthousehotelsifnos.reserve-online.net\/\" title=\"button\" target=\"_self\">R\u00e9servez maintenant<\/a><div class=\"slick-nav\"><button type=\"button\" class=\"slick-nav__prev\"><i class=\"fa fa-angle-left\"><\/i><\/button><button type=\"button\" class=\"slick-nav__next\"><i class=\"fa fa-angle-right\"><\/i><\/button><\/div><\/div><\/div><\/div><\/div>[\/vc_column][vc_column width=&#8221;1\/2&#8243;][vc_raw_html]JTVCZW52aXJhLWdhbGxlcnklMjBpZCUzRCUyMjIzMTMlMjIlNUQ=[\/vc_raw_html][\/vc_column][\/vc_row]<\/p>\n<\/div>","protected":false},"excerpt":{"rendered":"<p>[vc_row full_width=&#8221;stretch_row_content_no_spaces&#8221;][vc_column][vc_empty_space][\/vc_column][\/vc_row][vc_row][vc_column width=&#8221;1\/2&#8243;][\/vc_column][vc_column width=&#8221;1\/2&#8243;][vc_raw_html]JTVCZW52aXJhLWdhbGxlcnklMjBpZCUzRCUyMjIzMTMlMjIlNUQ=[\/vc_raw_html][\/vc_column][\/vc_row]<\/p>\n","protected":false},"author":1,"featured_media":0,"parent":4371,"menu_order":0,"comment_status":"closed","ping_status":"closed","template":"","meta":{"footnotes":""},"class_list":["post-4376","page","type-page","status-publish","hentry"],"yoast_head":"<!-- This site is optimized with the Yoast SEO plugin v27.4 - https:\/\/yoast.com\/product\/yoast-seo-wordpress\/ -->\n<title>Studios Dalia au niveau sup\u00e9rieur(2 personnes) - Official Web Site of Lighthouse<\/title>\n<meta name=\"robots\" content=\"index, follow, max-snippet:-1, max-image-preview:large, max-video-preview:-1\" \/>\n<link rel=\"canonical\" href=\"https:\/\/sifnoslighthouse.com\/fr\/hebergement\/studios-dalia-au-niveau-superieur2-personnes\/\" \/>\n<meta property=\"og:locale\" content=\"fr_FR\" \/>\n<meta property=\"og:type\" content=\"article\" \/>\n<meta property=\"og:title\" content=\"Studios Dalia au niveau sup\u00e9rieur(2 personnes) - Official Web Site of Lighthouse\" \/>\n<meta property=\"og:description\" content=\"[vc_row full_width=&#8221;stretch_row_content_no_spaces&#8221;][vc_column][vc_empty_space][\/vc_column][\/vc_row][vc_row][vc_column width=&#8221;1\/2&#8243;][\/vc_column][vc_column width=&#8221;1\/2&#8243;][vc_raw_html]JTVCZW52aXJhLWdhbGxlcnklMjBpZCUzRCUyMjIzMTMlMjIlNUQ=[\/vc_raw_html][\/vc_column][\/vc_row]\" \/>\n<meta property=\"og:url\" content=\"https:\/\/sifnoslighthouse.com\/fr\/hebergement\/studios-dalia-au-niveau-superieur2-personnes\/\" \/>\n<meta property=\"og:site_name\" content=\"Official Web Site of Lighthouse\" \/>\n<meta property=\"article:publisher\" content=\"https:\/\/www.facebook.com\/SifnosHotels\" \/>\n<meta property=\"article:modified_time\" content=\"2025-11-18T12:54:15+00:00\" \/>\n<meta property=\"og:image\" content=\"https:\/\/sifnoslighthouse.com\/wp-content\/uploads\/2021\/11\/IMG_0015.jpg\" \/>\n\t<meta property=\"og:image:width\" content=\"1920\" \/>\n\t<meta property=\"og:image:height\" content=\"1026\" \/>\n\t<meta property=\"og:image:type\" content=\"image\/jpeg\" \/>\n<meta name=\"twitter:card\" content=\"summary_large_image\" \/>\n<meta name=\"twitter:site\" content=\"@sifnolighthouse\" \/>\n<meta name=\"twitter:label1\" content=\"Dur\u00e9e de lecture estim\u00e9e\" \/>\n\t<meta name=\"twitter:data1\" content=\"1 minute\" \/>\n<script type=\"application\/ld+json\" class=\"yoast-schema-graph\">{\"@context\":\"https:\\\/\\\/schema.org\",\"@graph\":[{\"@type\":\"WebPage\",\"@id\":\"https:\\\/\\\/sifnoslighthouse.com\\\/fr\\\/hebergement\\\/studios-dalia-au-niveau-superieur2-personnes\\\/\",\"url\":\"https:\\\/\\\/sifnoslighthouse.com\\\/fr\\\/hebergement\\\/studios-dalia-au-niveau-superieur2-personnes\\\/\",\"name\":\"Studios Dalia au niveau sup\u00e9rieur(2 personnes) - Official Web Site of Lighthouse\",\"isPartOf\":{\"@id\":\"https:\\\/\\\/brown-kudu-423544.hostingersite.com\\\/#website\"},\"datePublished\":\"2023-02-13T11:28:34+00:00\",\"dateModified\":\"2025-11-18T12:54:15+00:00\",\"breadcrumb\":{\"@id\":\"https:\\\/\\\/sifnoslighthouse.com\\\/fr\\\/hebergement\\\/studios-dalia-au-niveau-superieur2-personnes\\\/#breadcrumb\"},\"inLanguage\":\"fr-FR\",\"potentialAction\":[{\"@type\":\"ReadAction\",\"target\":[\"https:\\\/\\\/sifnoslighthouse.com\\\/fr\\\/hebergement\\\/studios-dalia-au-niveau-superieur2-personnes\\\/\"]}]},{\"@type\":\"BreadcrumbList\",\"@id\":\"https:\\\/\\\/sifnoslighthouse.com\\\/fr\\\/hebergement\\\/studios-dalia-au-niveau-superieur2-personnes\\\/#breadcrumb\",\"itemListElement\":[{\"@type\":\"ListItem\",\"position\":1,\"name\":\"Home\",\"item\":\"https:\\\/\\\/sifnoslighthouse.com\\\/fr\\\/\"},{\"@type\":\"ListItem\",\"position\":2,\"name\":\"H\u00e9bergement\",\"item\":\"https:\\\/\\\/brown-kudu-423544.hostingersite.com\\\/fr\\\/hebergement\\\/\"},{\"@type\":\"ListItem\",\"position\":3,\"name\":\"Studios Dalia au niveau sup\u00e9rieur(2 personnes)\"}]},{\"@type\":\"WebSite\",\"@id\":\"https:\\\/\\\/brown-kudu-423544.hostingersite.com\\\/#website\",\"url\":\"https:\\\/\\\/brown-kudu-423544.hostingersite.com\\\/\",\"name\":\"Official Web Site of Lighthouse\",\"description\":\"Hotel Sifnos\",\"publisher\":{\"@id\":\"https:\\\/\\\/brown-kudu-423544.hostingersite.com\\\/#organization\"},\"alternateName\":\"Accommodation Sifnos\",\"potentialAction\":[{\"@type\":\"SearchAction\",\"target\":{\"@type\":\"EntryPoint\",\"urlTemplate\":\"https:\\\/\\\/brown-kudu-423544.hostingersite.com\\\/?s={search_term_string}\"},\"query-input\":{\"@type\":\"PropertyValueSpecification\",\"valueRequired\":true,\"valueName\":\"search_term_string\"}}],\"inLanguage\":\"fr-FR\"},{\"@type\":\"Organization\",\"@id\":\"https:\\\/\\\/brown-kudu-423544.hostingersite.com\\\/#organization\",\"name\":\"Light house Faros Sifnos\",\"url\":\"https:\\\/\\\/brown-kudu-423544.hostingersite.com\\\/\",\"logo\":{\"@type\":\"ImageObject\",\"inLanguage\":\"fr-FR\",\"@id\":\"https:\\\/\\\/brown-kudu-423544.hostingersite.com\\\/#\\\/schema\\\/logo\\\/image\\\/\",\"url\":\"https:\\\/\\\/sifnoslighthouse.com\\\/wp-content\\\/uploads\\\/2022\\\/01\\\/logo.png\",\"contentUrl\":\"https:\\\/\\\/sifnoslighthouse.com\\\/wp-content\\\/uploads\\\/2022\\\/01\\\/logo.png\",\"width\":350,\"height\":198,\"caption\":\"Light house Faros Sifnos\"},\"image\":{\"@id\":\"https:\\\/\\\/brown-kudu-423544.hostingersite.com\\\/#\\\/schema\\\/logo\\\/image\\\/\"},\"sameAs\":[\"https:\\\/\\\/www.facebook.com\\\/SifnosHotels\",\"https:\\\/\\\/x.com\\\/sifnolighthouse\",\"https:\\\/\\\/gr.pinterest.com\\\/SifnosHotels\\\/_created\\\/\"]}]}<\/script>\n<!-- \/ Yoast SEO plugin. -->","yoast_head_json":{"title":"Studios Dalia au niveau sup\u00e9rieur(2 personnes) - Official Web Site of Lighthouse","robots":{"index":"index","follow":"follow","max-snippet":"max-snippet:-1","max-image-preview":"max-image-preview:large","max-video-preview":"max-video-preview:-1"},"canonical":"https:\/\/sifnoslighthouse.com\/fr\/hebergement\/studios-dalia-au-niveau-superieur2-personnes\/","og_locale":"fr_FR","og_type":"article","og_title":"Studios Dalia au niveau sup\u00e9rieur(2 personnes) - Official Web Site of Lighthouse","og_description":"[vc_row full_width=&#8221;stretch_row_content_no_spaces&#8221;][vc_column][vc_empty_space][\/vc_column][\/vc_row][vc_row][vc_column width=&#8221;1\/2&#8243;][\/vc_column][vc_column width=&#8221;1\/2&#8243;][vc_raw_html]JTVCZW52aXJhLWdhbGxlcnklMjBpZCUzRCUyMjIzMTMlMjIlNUQ=[\/vc_raw_html][\/vc_column][\/vc_row]","og_url":"https:\/\/sifnoslighthouse.com\/fr\/hebergement\/studios-dalia-au-niveau-superieur2-personnes\/","og_site_name":"Official Web Site of Lighthouse","article_publisher":"https:\/\/www.facebook.com\/SifnosHotels","article_modified_time":"2025-11-18T12:54:15+00:00","og_image":[{"width":1920,"height":1026,"url":"https:\/\/sifnoslighthouse.com\/wp-content\/uploads\/2021\/11\/IMG_0015.jpg","type":"image\/jpeg"}],"twitter_card":"summary_large_image","twitter_site":"@sifnolighthouse","twitter_misc":{"Dur\u00e9e de lecture estim\u00e9e":"1 minute"},"schema":{"@context":"https:\/\/schema.org","@graph":[{"@type":"WebPage","@id":"https:\/\/sifnoslighthouse.com\/fr\/hebergement\/studios-dalia-au-niveau-superieur2-personnes\/","url":"https:\/\/sifnoslighthouse.com\/fr\/hebergement\/studios-dalia-au-niveau-superieur2-personnes\/","name":"Studios Dalia au niveau sup\u00e9rieur(2 personnes) - Official Web Site of Lighthouse","isPartOf":{"@id":"https:\/\/brown-kudu-423544.hostingersite.com\/#website"},"datePublished":"2023-02-13T11:28:34+00:00","dateModified":"2025-11-18T12:54:15+00:00","breadcrumb":{"@id":"https:\/\/sifnoslighthouse.com\/fr\/hebergement\/studios-dalia-au-niveau-superieur2-personnes\/#breadcrumb"},"inLanguage":"fr-FR","potentialAction":[{"@type":"ReadAction","target":["https:\/\/sifnoslighthouse.com\/fr\/hebergement\/studios-dalia-au-niveau-superieur2-personnes\/"]}]},{"@type":"BreadcrumbList","@id":"https:\/\/sifnoslighthouse.com\/fr\/hebergement\/studios-dalia-au-niveau-superieur2-personnes\/#breadcrumb","itemListElement":[{"@type":"ListItem","position":1,"name":"Home","item":"https:\/\/sifnoslighthouse.com\/fr\/"},{"@type":"ListItem","position":2,"name":"H\u00e9bergement","item":"https:\/\/brown-kudu-423544.hostingersite.com\/fr\/hebergement\/"},{"@type":"ListItem","position":3,"name":"Studios Dalia au niveau sup\u00e9rieur(2 personnes)"}]},{"@type":"WebSite","@id":"https:\/\/brown-kudu-423544.hostingersite.com\/#website","url":"https:\/\/brown-kudu-423544.hostingersite.com\/","name":"Official Web Site of Lighthouse","description":"Hotel Sifnos","publisher":{"@id":"https:\/\/brown-kudu-423544.hostingersite.com\/#organization"},"alternateName":"Accommodation Sifnos","potentialAction":[{"@type":"SearchAction","target":{"@type":"EntryPoint","urlTemplate":"https:\/\/brown-kudu-423544.hostingersite.com\/?s={search_term_string}"},"query-input":{"@type":"PropertyValueSpecification","valueRequired":true,"valueName":"search_term_string"}}],"inLanguage":"fr-FR"},{"@type":"Organization","@id":"https:\/\/brown-kudu-423544.hostingersite.com\/#organization","name":"Light house Faros Sifnos","url":"https:\/\/brown-kudu-423544.hostingersite.com\/","logo":{"@type":"ImageObject","inLanguage":"fr-FR","@id":"https:\/\/brown-kudu-423544.hostingersite.com\/#\/schema\/logo\/image\/","url":"https:\/\/sifnoslighthouse.com\/wp-content\/uploads\/2022\/01\/logo.png","contentUrl":"https:\/\/sifnoslighthouse.com\/wp-content\/uploads\/2022\/01\/logo.png","width":350,"height":198,"caption":"Light house Faros Sifnos"},"image":{"@id":"https:\/\/brown-kudu-423544.hostingersite.com\/#\/schema\/logo\/image\/"},"sameAs":["https:\/\/www.facebook.com\/SifnosHotels","https:\/\/x.com\/sifnolighthouse","https:\/\/gr.pinterest.com\/SifnosHotels\/_created\/"]}]}},"_links":{"self":[{"href":"https:\/\/sifnoslighthouse.com\/fr\/wp-json\/wp\/v2\/pages\/4376","targetHints":{"allow":["GET"]}}],"collection":[{"href":"https:\/\/sifnoslighthouse.com\/fr\/wp-json\/wp\/v2\/pages"}],"about":[{"href":"https:\/\/sifnoslighthouse.com\/fr\/wp-json\/wp\/v2\/types\/page"}],"author":[{"embeddable":true,"href":"https:\/\/sifnoslighthouse.com\/fr\/wp-json\/wp\/v2\/users\/1"}],"replies":[{"embeddable":true,"href":"https:\/\/sifnoslighthouse.com\/fr\/wp-json\/wp\/v2\/comments?post=4376"}],"version-history":[{"count":0,"href":"https:\/\/sifnoslighthouse.com\/fr\/wp-json\/wp\/v2\/pages\/4376\/revisions"}],"up":[{"embeddable":true,"href":"https:\/\/sifnoslighthouse.com\/fr\/wp-json\/wp\/v2\/pages\/4371"}],"wp:attachment":[{"href":"https:\/\/sifnoslighthouse.com\/fr\/wp-json\/wp\/v2\/media?parent=4376"}],"curies":[{"name":"wp","href":"https:\/\/api.w.org\/{rel}","templated":true}]}}