{"id":3941,"date":"2023-02-05T13:21:29","date_gmt":"2023-02-05T13:21:29","guid":{"rendered":"https:\/\/sifnoslighthouse.com\/hochzeiten\/"},"modified":"2025-11-18T13:11:18","modified_gmt":"2025-11-18T13:11:18","slug":"hochzeiten","status":"publish","type":"page","link":"https:\/\/sifnoslighthouse.com\/de\/hochzeiten\/","title":{"rendered":"Hochzeiten"},"content":{"rendered":"<div class=\"wpb-content-wrapper\"><p>[vc_row full_width=&#8221;stretch_row_content_no_spaces&#8221;][vc_column]<div  class=\"hero-slider hero-slider--booking style1 hero-slider__big\" data-autoplay=\"false\" data-loop=\"false\" data-speed=\"5000\"><div class=\"hero-slider__items\"><div class=\"hero-slider__item has-overlay\" style=\"background-image: url(https:\/\/sifnoslighthouse.com\/wp-content\/uploads\/2025\/11\/wedding-Lighthouse-sifnos.webp);\"><div class=\"hero-slider__wrap jumbotron-text__content\"><div class=\"subtitle subtitle--slider\">Lighthouse Faros Sifnos<\/div><div class=\"title title--slider\">Hochzeit Sifnos<\/div><div class=\"hero-slider__btn__wrapper text-center\"><a href=\"https:\/\/lighthousehotelsifnos.reserve-online.net\/\" target=\"_self\" title=\"button\" class=\"hero-slider__btn\">Jetzt buchen<\/a><\/div><\/div><\/div><\/div><\/div>[\/vc_column][\/vc_row][vc_row][vc_column][vc_custom_heading text=&#8221;Hochzeiten im Leuchtturm auf der Insel Sifnos&#8221; font_container=&#8221;tag:h1|font_size:34|text_align:center&#8221; use_theme_fonts=&#8221;yes&#8221;][vc_separator color=&#8221;black&#8221; style=&#8221;shadow&#8221;]<div class=\"text-block \" ><div class=\"simple-text \"><p style=\"text-align: center;\">Lassen Sie uns rechtzeitig wissen, um die bestm\u00f6gliche Unterkunft zu organisieren!<\/p>\n<p style=\"text-align: center;\">Sie k\u00f6nnen unseren Poolbereich f\u00fcr Ihre Party nutzen, mit einer kleinen Geb\u00fchr f\u00fcr Ihren Aufenthalt!<\/p>\n<p style=\"text-align: center;\">Gerne unterst\u00fctzen wir Sie bei der Organisation Ihres Hochzeitsempfangs am Pool, wenn Sie es w\u00fcnschen&#8230;<\/p>\n<p style=\"text-align: center;\">Sie k\u00f6nnen Musik Ihrer Wahl am Poolbereich genie\u00dfen.<\/p>\n<p style=\"text-align: center;\">Sind Sie an einer Klaviervorstellung f\u00fcr Ihre G\u00e4ste interessiert,<\/p>\n<p style=\"text-align: center;\">F\u00fcr ein oder zwei Stunden am Poolbereich; wenn Sie rechtzeitig danach fragen, werden wir unser Bestes tun, um es zu liefern.<\/p>\n<p style=\"text-align: center;\">Wenn Sie und Ihre Freunde sich entscheiden, f\u00fcr diesen gl\u00fccklichen Anlass im <strong>Lighthouse Hotel<\/strong> zu bleiben, werden wir Ihnen gerne eine Hochzeitsdekoration anbieten von Ihrer Suite, und die Vorbereitung der Braut, mit gek\u00fchltem Champagner zu begleiten!<\/p>\n<\/div><\/div>[vc_empty_space][\/vc_column][\/vc_row][vc_row][vc_column][vc_raw_html]JTVCZW52aXJhLWdhbGxlcnklMjBpZCUzRCUyMjI0MDclMjIlNUQ=[\/vc_raw_html][vc_custom_heading text=&#8221;Das Angebot des Lighthouse Hotels&#8221; font_container=&#8221;tag:h1|font_size:34|text_align:center&#8221; use_theme_fonts=&#8221;yes&#8221;][vc_separator color=&#8221;black&#8221; style=&#8221;shadow&#8221;]<div class=\"text-block \" ><div class=\"simple-text \"><p style=\"text-align: center;\">Neben wundersch\u00f6nen Pl\u00e4tzen f\u00fcr Wohnungen informiert Sie die Rezeption \u00fcber alle weiteren Dienstleistungen.<\/p>\n<p style=\"text-align: center;\">Manik\u00fcre, Pedik\u00fcre oder Friseur in Ihrem Apartment, auf Anfrage an der Rezeption, therapeutische oder entspannende Massagen, auf Anfrage an der Rezeption, Babysitter auf Anfrage an der Rezeption (bitte informieren Sie uns rechtzeitig)<\/p>\n<p style=\"text-align: center;\">Wir garantieren einen privaten Aufenthalt und eine angenehme Zeit im Lighthouse Hotel!<\/p>\n<p style=\"text-align: center;\">Wenn Sie sich entscheiden, uns diesen einzigartigen Moment Ihres Lebens anzuvertrauen, m\u00f6chten wir Sie daran erinnern, dass wir spezielle Preise f\u00fcr Unterk\u00fcnfte anbieten! Wir k\u00f6nnten zusammen Ihr bevorzugtes Fr\u00fchst\u00fcck organisieren.<\/p>\n<\/div><\/div>[\/vc_column][\/vc_row]<\/p>\n<\/div>","protected":false},"excerpt":{"rendered":"<p>[vc_row full_width=&#8221;stretch_row_content_no_spaces&#8221;][vc_column][\/vc_column][\/vc_row][vc_row][vc_column][vc_custom_heading text=&#8221;Hochzeiten im Leuchtturm auf der Insel Sifnos&#8221; font_container=&#8221;tag:h1|font_size:34|text_align:center&#8221; use_theme_fonts=&#8221;yes&#8221;][vc_separator color=&#8221;black&#8221; style=&#8221;shadow&#8221;][vc_empty_space][\/vc_column][\/vc_row][vc_row][vc_column][vc_raw_html]JTVCZW52aXJhLWdhbGxlcnklMjBpZCUzRCUyMjI0MDclMjIlNUQ=[\/vc_raw_html][vc_custom_heading text=&#8221;Das Angebot des Lighthouse Hotels&#8221; font_container=&#8221;tag:h1|font_size:34|text_align:center&#8221; use_theme_fonts=&#8221;yes&#8221;][vc_separator color=&#8221;black&#8221; style=&#8221;shadow&#8221;][\/vc_column][\/vc_row]<\/p>\n","protected":false},"author":1,"featured_media":0,"parent":0,"menu_order":0,"comment_status":"closed","ping_status":"closed","template":"","meta":{"footnotes":""},"class_list":["post-3941","page","type-page","status-publish","hentry"],"yoast_head":"<!-- This site is optimized with the Yoast SEO plugin v27.4 - https:\/\/yoast.com\/product\/yoast-seo-wordpress\/ -->\n<title>Hochzeiten - Official Web Site of Lighthouse<\/title>\n<meta name=\"robots\" content=\"index, follow, max-snippet:-1, max-image-preview:large, max-video-preview:-1\" \/>\n<link rel=\"canonical\" href=\"https:\/\/sifnoslighthouse.com\/de\/hochzeiten\/\" \/>\n<meta property=\"og:locale\" content=\"de_DE\" \/>\n<meta property=\"og:type\" content=\"article\" \/>\n<meta property=\"og:title\" content=\"Hochzeiten - Official Web Site of Lighthouse\" \/>\n<meta property=\"og:description\" content=\"[vc_row full_width=&#8221;stretch_row_content_no_spaces&#8221;][vc_column][\/vc_column][\/vc_row][vc_row][vc_column][vc_custom_heading text=&#8221;Hochzeiten im Leuchtturm auf der Insel Sifnos&#8221; font_container=&#8221;tag:h1|font_size:34|text_align:center&#8221; use_theme_fonts=&#8221;yes&#8221;][vc_separator color=&#8221;black&#8221; style=&#8221;shadow&#8221;][vc_empty_space][\/vc_column][\/vc_row][vc_row][vc_column][vc_raw_html]JTVCZW52aXJhLWdhbGxlcnklMjBpZCUzRCUyMjI0MDclMjIlNUQ=[\/vc_raw_html][vc_custom_heading text=&#8221;Das Angebot des Lighthouse Hotels&#8221; font_container=&#8221;tag:h1|font_size:34|text_align:center&#8221; use_theme_fonts=&#8221;yes&#8221;][vc_separator color=&#8221;black&#8221; style=&#8221;shadow&#8221;][\/vc_column][\/vc_row]\" \/>\n<meta property=\"og:url\" content=\"https:\/\/sifnoslighthouse.com\/de\/hochzeiten\/\" \/>\n<meta property=\"og:site_name\" content=\"Official Web Site of Lighthouse\" \/>\n<meta property=\"article:publisher\" content=\"https:\/\/www.facebook.com\/SifnosHotels\" \/>\n<meta property=\"article:modified_time\" content=\"2025-11-18T13:11:18+00:00\" \/>\n<meta property=\"og:image\" content=\"https:\/\/sifnoslighthouse.com\/wp-content\/uploads\/2021\/11\/IMG_0015.jpg\" \/>\n\t<meta property=\"og:image:width\" content=\"1920\" \/>\n\t<meta property=\"og:image:height\" content=\"1026\" \/>\n\t<meta property=\"og:image:type\" content=\"image\/jpeg\" \/>\n<meta name=\"twitter:card\" content=\"summary_large_image\" \/>\n<meta name=\"twitter:site\" content=\"@sifnolighthouse\" \/>\n<meta name=\"twitter:label1\" content=\"Gesch\u00e4tzte Lesezeit\" \/>\n\t<meta name=\"twitter:data1\" content=\"2\u00a0Minuten\" \/>\n<script type=\"application\/ld+json\" class=\"yoast-schema-graph\">{\"@context\":\"https:\\\/\\\/schema.org\",\"@graph\":[{\"@type\":\"WebPage\",\"@id\":\"https:\\\/\\\/sifnoslighthouse.com\\\/de\\\/hochzeiten\\\/\",\"url\":\"https:\\\/\\\/sifnoslighthouse.com\\\/de\\\/hochzeiten\\\/\",\"name\":\"Hochzeiten - Official Web Site of Lighthouse\",\"isPartOf\":{\"@id\":\"https:\\\/\\\/brown-kudu-423544.hostingersite.com\\\/#website\"},\"datePublished\":\"2023-02-05T13:21:29+00:00\",\"dateModified\":\"2025-11-18T13:11:18+00:00\",\"breadcrumb\":{\"@id\":\"https:\\\/\\\/sifnoslighthouse.com\\\/de\\\/hochzeiten\\\/#breadcrumb\"},\"inLanguage\":\"de\",\"potentialAction\":[{\"@type\":\"ReadAction\",\"target\":[\"https:\\\/\\\/sifnoslighthouse.com\\\/de\\\/hochzeiten\\\/\"]}]},{\"@type\":\"BreadcrumbList\",\"@id\":\"https:\\\/\\\/sifnoslighthouse.com\\\/de\\\/hochzeiten\\\/#breadcrumb\",\"itemListElement\":[{\"@type\":\"ListItem\",\"position\":1,\"name\":\"Home\",\"item\":\"https:\\\/\\\/sifnoslighthouse.com\\\/de\\\/\"},{\"@type\":\"ListItem\",\"position\":2,\"name\":\"Hochzeiten\"}]},{\"@type\":\"WebSite\",\"@id\":\"https:\\\/\\\/brown-kudu-423544.hostingersite.com\\\/#website\",\"url\":\"https:\\\/\\\/brown-kudu-423544.hostingersite.com\\\/\",\"name\":\"Official Web Site of Lighthouse\",\"description\":\"Hotel Sifnos\",\"publisher\":{\"@id\":\"https:\\\/\\\/brown-kudu-423544.hostingersite.com\\\/#organization\"},\"alternateName\":\"Accommodation Sifnos\",\"potentialAction\":[{\"@type\":\"SearchAction\",\"target\":{\"@type\":\"EntryPoint\",\"urlTemplate\":\"https:\\\/\\\/brown-kudu-423544.hostingersite.com\\\/?s={search_term_string}\"},\"query-input\":{\"@type\":\"PropertyValueSpecification\",\"valueRequired\":true,\"valueName\":\"search_term_string\"}}],\"inLanguage\":\"de\"},{\"@type\":\"Organization\",\"@id\":\"https:\\\/\\\/brown-kudu-423544.hostingersite.com\\\/#organization\",\"name\":\"Light house Faros Sifnos\",\"url\":\"https:\\\/\\\/brown-kudu-423544.hostingersite.com\\\/\",\"logo\":{\"@type\":\"ImageObject\",\"inLanguage\":\"de\",\"@id\":\"https:\\\/\\\/brown-kudu-423544.hostingersite.com\\\/#\\\/schema\\\/logo\\\/image\\\/\",\"url\":\"https:\\\/\\\/sifnoslighthouse.com\\\/wp-content\\\/uploads\\\/2022\\\/01\\\/logo.png\",\"contentUrl\":\"https:\\\/\\\/sifnoslighthouse.com\\\/wp-content\\\/uploads\\\/2022\\\/01\\\/logo.png\",\"width\":350,\"height\":198,\"caption\":\"Light house Faros Sifnos\"},\"image\":{\"@id\":\"https:\\\/\\\/brown-kudu-423544.hostingersite.com\\\/#\\\/schema\\\/logo\\\/image\\\/\"},\"sameAs\":[\"https:\\\/\\\/www.facebook.com\\\/SifnosHotels\",\"https:\\\/\\\/x.com\\\/sifnolighthouse\",\"https:\\\/\\\/gr.pinterest.com\\\/SifnosHotels\\\/_created\\\/\"]}]}<\/script>\n<!-- \/ Yoast SEO plugin. -->","yoast_head_json":{"title":"Hochzeiten - Official Web Site of Lighthouse","robots":{"index":"index","follow":"follow","max-snippet":"max-snippet:-1","max-image-preview":"max-image-preview:large","max-video-preview":"max-video-preview:-1"},"canonical":"https:\/\/sifnoslighthouse.com\/de\/hochzeiten\/","og_locale":"de_DE","og_type":"article","og_title":"Hochzeiten - Official Web Site of Lighthouse","og_description":"[vc_row full_width=&#8221;stretch_row_content_no_spaces&#8221;][vc_column][\/vc_column][\/vc_row][vc_row][vc_column][vc_custom_heading text=&#8221;Hochzeiten im Leuchtturm auf der Insel Sifnos&#8221; font_container=&#8221;tag:h1|font_size:34|text_align:center&#8221; use_theme_fonts=&#8221;yes&#8221;][vc_separator color=&#8221;black&#8221; style=&#8221;shadow&#8221;][vc_empty_space][\/vc_column][\/vc_row][vc_row][vc_column][vc_raw_html]JTVCZW52aXJhLWdhbGxlcnklMjBpZCUzRCUyMjI0MDclMjIlNUQ=[\/vc_raw_html][vc_custom_heading text=&#8221;Das Angebot des Lighthouse Hotels&#8221; font_container=&#8221;tag:h1|font_size:34|text_align:center&#8221; use_theme_fonts=&#8221;yes&#8221;][vc_separator color=&#8221;black&#8221; style=&#8221;shadow&#8221;][\/vc_column][\/vc_row]","og_url":"https:\/\/sifnoslighthouse.com\/de\/hochzeiten\/","og_site_name":"Official Web Site of Lighthouse","article_publisher":"https:\/\/www.facebook.com\/SifnosHotels","article_modified_time":"2025-11-18T13:11:18+00:00","og_image":[{"width":1920,"height":1026,"url":"https:\/\/sifnoslighthouse.com\/wp-content\/uploads\/2021\/11\/IMG_0015.jpg","type":"image\/jpeg"}],"twitter_card":"summary_large_image","twitter_site":"@sifnolighthouse","twitter_misc":{"Gesch\u00e4tzte Lesezeit":"2\u00a0Minuten"},"schema":{"@context":"https:\/\/schema.org","@graph":[{"@type":"WebPage","@id":"https:\/\/sifnoslighthouse.com\/de\/hochzeiten\/","url":"https:\/\/sifnoslighthouse.com\/de\/hochzeiten\/","name":"Hochzeiten - Official Web Site of Lighthouse","isPartOf":{"@id":"https:\/\/brown-kudu-423544.hostingersite.com\/#website"},"datePublished":"2023-02-05T13:21:29+00:00","dateModified":"2025-11-18T13:11:18+00:00","breadcrumb":{"@id":"https:\/\/sifnoslighthouse.com\/de\/hochzeiten\/#breadcrumb"},"inLanguage":"de","potentialAction":[{"@type":"ReadAction","target":["https:\/\/sifnoslighthouse.com\/de\/hochzeiten\/"]}]},{"@type":"BreadcrumbList","@id":"https:\/\/sifnoslighthouse.com\/de\/hochzeiten\/#breadcrumb","itemListElement":[{"@type":"ListItem","position":1,"name":"Home","item":"https:\/\/sifnoslighthouse.com\/de\/"},{"@type":"ListItem","position":2,"name":"Hochzeiten"}]},{"@type":"WebSite","@id":"https:\/\/brown-kudu-423544.hostingersite.com\/#website","url":"https:\/\/brown-kudu-423544.hostingersite.com\/","name":"Official Web Site of Lighthouse","description":"Hotel Sifnos","publisher":{"@id":"https:\/\/brown-kudu-423544.hostingersite.com\/#organization"},"alternateName":"Accommodation Sifnos","potentialAction":[{"@type":"SearchAction","target":{"@type":"EntryPoint","urlTemplate":"https:\/\/brown-kudu-423544.hostingersite.com\/?s={search_term_string}"},"query-input":{"@type":"PropertyValueSpecification","valueRequired":true,"valueName":"search_term_string"}}],"inLanguage":"de"},{"@type":"Organization","@id":"https:\/\/brown-kudu-423544.hostingersite.com\/#organization","name":"Light house Faros Sifnos","url":"https:\/\/brown-kudu-423544.hostingersite.com\/","logo":{"@type":"ImageObject","inLanguage":"de","@id":"https:\/\/brown-kudu-423544.hostingersite.com\/#\/schema\/logo\/image\/","url":"https:\/\/sifnoslighthouse.com\/wp-content\/uploads\/2022\/01\/logo.png","contentUrl":"https:\/\/sifnoslighthouse.com\/wp-content\/uploads\/2022\/01\/logo.png","width":350,"height":198,"caption":"Light house Faros Sifnos"},"image":{"@id":"https:\/\/brown-kudu-423544.hostingersite.com\/#\/schema\/logo\/image\/"},"sameAs":["https:\/\/www.facebook.com\/SifnosHotels","https:\/\/x.com\/sifnolighthouse","https:\/\/gr.pinterest.com\/SifnosHotels\/_created\/"]}]}},"_links":{"self":[{"href":"https:\/\/sifnoslighthouse.com\/de\/wp-json\/wp\/v2\/pages\/3941","targetHints":{"allow":["GET"]}}],"collection":[{"href":"https:\/\/sifnoslighthouse.com\/de\/wp-json\/wp\/v2\/pages"}],"about":[{"href":"https:\/\/sifnoslighthouse.com\/de\/wp-json\/wp\/v2\/types\/page"}],"author":[{"embeddable":true,"href":"https:\/\/sifnoslighthouse.com\/de\/wp-json\/wp\/v2\/users\/1"}],"replies":[{"embeddable":true,"href":"https:\/\/sifnoslighthouse.com\/de\/wp-json\/wp\/v2\/comments?post=3941"}],"version-history":[{"count":0,"href":"https:\/\/sifnoslighthouse.com\/de\/wp-json\/wp\/v2\/pages\/3941\/revisions"}],"wp:attachment":[{"href":"https:\/\/sifnoslighthouse.com\/de\/wp-json\/wp\/v2\/media?parent=3941"}],"curies":[{"name":"wp","href":"https:\/\/api.w.org\/{rel}","templated":true}]}}