{"id":3938,"date":"2023-02-05T13:19:12","date_gmt":"2023-02-05T13:19:12","guid":{"rendered":"https:\/\/sifnoslighthouse.com\/standort\/"},"modified":"2025-11-18T13:18:49","modified_gmt":"2025-11-18T13:18:49","slug":"standort","status":"publish","type":"page","link":"https:\/\/sifnoslighthouse.com\/de\/standort\/","title":{"rendered":"Standort"},"content":{"rendered":"<div class=\"wpb-content-wrapper\"><p>[vc_row full_width=&#8221;stretch_row_content_no_spaces&#8221;][vc_column]<div  class=\"hero-slider hero-slider--booking style1 hero-slider__big\" data-autoplay=\"false\" data-loop=\"false\" data-speed=\"5000\"><div class=\"hero-slider__items\"><div class=\"hero-slider__item has-overlay\" style=\"background-image: url(https:\/\/sifnoslighthouse.com\/wp-content\/uploads\/2021\/11\/7.jpg);\"><div class=\"hero-slider__wrap jumbotron-text__content\"><div class=\"subtitle subtitle--slider\"><\/div><div class=\"title title--slider\"><\/div><div class=\"hero-slider__btn__wrapper text-center\"><a href=\"https:\/\/lighthousehotelsifnos.reserve-online.net\/\" target=\"_self\" title=\"button\" class=\"hero-slider__btn\">Jetzt buchen<\/a><\/div><\/div><\/div><div class=\"hero-slider__item has-overlay\" style=\"background-image: url(https:\/\/sifnoslighthouse.com\/wp-content\/uploads\/2021\/11\/6.jpg);\"><div class=\"hero-slider__wrap jumbotron-text__content\"><div class=\"subtitle subtitle--slider\"><\/div><div class=\"title title--slider\"><\/div><div class=\"hero-slider__btn__wrapper text-center\"><a href=\"https:\/\/lighthousehotelsifnos.reserve-online.net\/\" target=\"_self\" title=\"button\" class=\"hero-slider__btn\">Jetzt buchen<\/a><\/div><\/div><\/div><\/div><\/div>[vc_row_inner][vc_column_inner][vc_empty_space][\/vc_column_inner][\/vc_row_inner][\/vc_column][\/vc_row][vc_row][vc_column]<div class=\"text-block \" ><div class=\"simple-text \"><h3 style=\"text-align: center;\"><strong>SIFNOS ISLAND<\/strong><\/h3>\n<p>Sifnos ist eine kleine felsige Insel, die aber ziemlich fruchtbar ist. Sie produziert viele landwirtschaftliche Produkte und Kunsthandwerk, f\u00fcr die sie bekannt ist: herzhafter Honig, verschiedene K\u00e4sesorten, Feigen, traditionelle S\u00fc\u00dfigkeiten und handgewebte Textilien. Aber vor allem ist Sifnos ber\u00fchmt f\u00fcr seine T\u00f6pferei, eine traditionelle T\u00e4tigkeit mit Produkten, die in die ganze \u00c4g\u00e4is exportiert werden.<\/p>\n<h3 style=\"text-align: center;\">FAROS DORF AUF DER INSEL SIFNOS<\/h3>\n<p>Die reizende Siedlung Faros liegt 7 km s\u00fcd\u00f6stlich von Apollonia, am inneren Teil einer Bucht, gut gesch\u00fctzt vor den Nordwinden. Die Siedlung verdankt ihren Namen dem gro\u00dfen Leuchtturm am Eingang der Bucht, gleich neben dem Kloster Stavros. Dieses sch\u00f6ne Fischerdorf bietet einige Unterk\u00fcnfte, gutes Essen in den Fischschenken am Meer und einige Gesch\u00e4fte f\u00fcr die notwendigen Vorr\u00e4te. Zum Baden k\u00f6nnen Sie drei sch\u00f6ne und malerische Str\u00e4nde besuchen, die aufeinander folgen.<\/p>\n<\/div><\/div>[\/vc_column][\/vc_row][vc_row][vc_column][vc_empty_space][vc_gmaps link=&#8221;#E-8_JTNDaWZyYW1lJTIwc3JjJTNEJTIyaHR0cHMlM0ElMkYlMkZ3d3cuZ29vZ2xlLmNvbSUyRm1hcHMlMkZlbWJlZCUzRnBiJTNEJTIxMW0yNCUyMTFtMTIlMjExbTMlMjExZDEwNzI0LjI5NTUzODM0MzI3NSUyMTJkMjQuNzUxMTAwMjUyMDYwNjAzJTIxM2QzNi45NTM2NDU4ODAwMTIwMDQlMjEybTMlMjExZjAlMjEyZjAlMjEzZjAlMjEzbTIlMjExaTEwMjQlMjEyaTc2OCUyMTRmMTMuMSUyMTRtOSUyMTNlMCUyMTRtMyUyMTNtMiUyMTFkMzYuOTU0Mzg1NTk5OTk5OTk1JTIxMmQyNC43NTUwNTM5JTIxNG0zJTIxM20yJTIxMWQzNi45NTAwMjklMjEyZDI0Ljc1OTczOTk5OTk5OTk5NyUyMTVlMCUyMTNtMiUyMTFzZWwlMjEyc2dyJTIxNHYxNjM4MTA0MzAxNDIwJTIxNW0yJTIxMXNlbCUyMTJzZ3IlMjIlMjB3aWR0aCUzRCUyMjYwMCUyMiUyMGhlaWdodCUzRCUyMjQ1MCUyMiUyMHN0eWxlJTNEJTIyYm9yZGVyJTNBMCUzQiUyMiUyMGFsbG93ZnVsbHNjcmVlbiUzRCUyMiUyMiUyMGxvYWRpbmclM0QlMjJsYXp5JTIyJTNFJTNDJTJGaWZyYW1lJTNF&#8221;][\/vc_column][\/vc_row]<\/p>\n<\/div>","protected":false},"excerpt":{"rendered":"<p>[vc_row full_width=&#8221;stretch_row_content_no_spaces&#8221;][vc_column][vc_row_inner][vc_column_inner][vc_empty_space][\/vc_column_inner][\/vc_row_inner][\/vc_column][\/vc_row][vc_row][vc_column][\/vc_column][\/vc_row][vc_row][vc_column][vc_empty_space][vc_gmaps link=&#8221;#E-8_JTNDaWZyYW1lJTIwc3JjJTNEJTIyaHR0cHMlM0ElMkYlMkZ3d3cuZ29vZ2xlLmNvbSUyRm1hcHMlMkZlbWJlZCUzRnBiJTNEJTIxMW0yNCUyMTFtMTIlMjExbTMlMjExZDEwNzI0LjI5NTUzODM0MzI3NSUyMTJkMjQuNzUxMTAwMjUyMDYwNjAzJTIxM2QzNi45NTM2NDU4ODAwMTIwMDQlMjEybTMlMjExZjAlMjEyZjAlMjEzZjAlMjEzbTIlMjExaTEwMjQlMjEyaTc2OCUyMTRmMTMuMSUyMTRtOSUyMTNlMCUyMTRtMyUyMTNtMiUyMTFkMzYuOTU0Mzg1NTk5OTk5OTk1JTIxMmQyNC43NTUwNTM5JTIxNG0zJTIxM20yJTIxMWQzNi45NTAwMjklMjEyZDI0Ljc1OTczOTk5OTk5OTk5NyUyMTVlMCUyMTNtMiUyMTFzZWwlMjEyc2dyJTIxNHYxNjM4MTA0MzAxNDIwJTIxNW0yJTIxMXNlbCUyMTJzZ3IlMjIlMjB3aWR0aCUzRCUyMjYwMCUyMiUyMGhlaWdodCUzRCUyMjQ1MCUyMiUyMHN0eWxlJTNEJTIyYm9yZGVyJTNBMCUzQiUyMiUyMGFsbG93ZnVsbHNjcmVlbiUzRCUyMiUyMiUyMGxvYWRpbmclM0QlMjJsYXp5JTIyJTNFJTNDJTJGaWZyYW1lJTNF&#8221;][\/vc_column][\/vc_row]<\/p>\n","protected":false},"author":1,"featured_media":0,"parent":0,"menu_order":0,"comment_status":"closed","ping_status":"closed","template":"","meta":{"footnotes":""},"class_list":["post-3938","page","type-page","status-publish","hentry"],"yoast_head":"<!-- This site is optimized with the Yoast SEO plugin v27.4 - https:\/\/yoast.com\/product\/yoast-seo-wordpress\/ -->\n<title>Standort - Official Web Site of Lighthouse<\/title>\n<meta name=\"robots\" content=\"index, follow, max-snippet:-1, max-image-preview:large, max-video-preview:-1\" \/>\n<link rel=\"canonical\" href=\"https:\/\/sifnoslighthouse.com\/de\/standort\/\" \/>\n<meta property=\"og:locale\" content=\"de_DE\" \/>\n<meta property=\"og:type\" content=\"article\" \/>\n<meta property=\"og:title\" content=\"Standort - Official Web Site of Lighthouse\" \/>\n<meta property=\"og:description\" content=\"[vc_row full_width=&#8221;stretch_row_content_no_spaces&#8221;][vc_column][vc_row_inner][vc_column_inner][vc_empty_space][\/vc_column_inner][\/vc_row_inner][\/vc_column][\/vc_row][vc_row][vc_column][\/vc_column][\/vc_row][vc_row][vc_column][vc_empty_space][vc_gmaps link=&#8221;#E-8_JTNDaWZyYW1lJTIwc3JjJTNEJTIyaHR0cHMlM0ElMkYlMkZ3d3cuZ29vZ2xlLmNvbSUyRm1hcHMlMkZlbWJlZCUzRnBiJTNEJTIxMW0yNCUyMTFtMTIlMjExbTMlMjExZDEwNzI0LjI5NTUzODM0MzI3NSUyMTJkMjQuNzUxMTAwMjUyMDYwNjAzJTIxM2QzNi45NTM2NDU4ODAwMTIwMDQlMjEybTMlMjExZjAlMjEyZjAlMjEzZjAlMjEzbTIlMjExaTEwMjQlMjEyaTc2OCUyMTRmMTMuMSUyMTRtOSUyMTNlMCUyMTRtMyUyMTNtMiUyMTFkMzYuOTU0Mzg1NTk5OTk5OTk1JTIxMmQyNC43NTUwNTM5JTIxNG0zJTIxM20yJTIxMWQzNi45NTAwMjklMjEyZDI0Ljc1OTczOTk5OTk5OTk5NyUyMTVlMCUyMTNtMiUyMTFzZWwlMjEyc2dyJTIxNHYxNjM4MTA0MzAxNDIwJTIxNW0yJTIxMXNlbCUyMTJzZ3IlMjIlMjB3aWR0aCUzRCUyMjYwMCUyMiUyMGhlaWdodCUzRCUyMjQ1MCUyMiUyMHN0eWxlJTNEJTIyYm9yZGVyJTNBMCUzQiUyMiUyMGFsbG93ZnVsbHNjcmVlbiUzRCUyMiUyMiUyMGxvYWRpbmclM0QlMjJsYXp5JTIyJTNFJTNDJTJGaWZyYW1lJTNF&#8221;][\/vc_column][\/vc_row]\" \/>\n<meta property=\"og:url\" content=\"https:\/\/sifnoslighthouse.com\/de\/standort\/\" \/>\n<meta property=\"og:site_name\" content=\"Official Web Site of Lighthouse\" \/>\n<meta property=\"article:publisher\" content=\"https:\/\/www.facebook.com\/SifnosHotels\" \/>\n<meta property=\"article:modified_time\" content=\"2025-11-18T13:18:49+00:00\" \/>\n<meta property=\"og:image\" content=\"https:\/\/sifnoslighthouse.com\/wp-content\/uploads\/2021\/11\/IMG_0015.jpg\" \/>\n\t<meta property=\"og:image:width\" content=\"1920\" \/>\n\t<meta property=\"og:image:height\" content=\"1026\" \/>\n\t<meta property=\"og:image:type\" content=\"image\/jpeg\" \/>\n<meta name=\"twitter:card\" content=\"summary_large_image\" \/>\n<meta name=\"twitter:site\" content=\"@sifnolighthouse\" \/>\n<meta name=\"twitter:label1\" content=\"Gesch\u00e4tzte Lesezeit\" \/>\n\t<meta name=\"twitter:data1\" content=\"2\u00a0Minuten\" \/>\n<script type=\"application\/ld+json\" class=\"yoast-schema-graph\">{\"@context\":\"https:\\\/\\\/schema.org\",\"@graph\":[{\"@type\":\"WebPage\",\"@id\":\"https:\\\/\\\/sifnoslighthouse.com\\\/de\\\/standort\\\/\",\"url\":\"https:\\\/\\\/sifnoslighthouse.com\\\/de\\\/standort\\\/\",\"name\":\"Standort - Official Web Site of Lighthouse\",\"isPartOf\":{\"@id\":\"https:\\\/\\\/brown-kudu-423544.hostingersite.com\\\/#website\"},\"datePublished\":\"2023-02-05T13:19:12+00:00\",\"dateModified\":\"2025-11-18T13:18:49+00:00\",\"breadcrumb\":{\"@id\":\"https:\\\/\\\/sifnoslighthouse.com\\\/de\\\/standort\\\/#breadcrumb\"},\"inLanguage\":\"de\",\"potentialAction\":[{\"@type\":\"ReadAction\",\"target\":[\"https:\\\/\\\/sifnoslighthouse.com\\\/de\\\/standort\\\/\"]}]},{\"@type\":\"BreadcrumbList\",\"@id\":\"https:\\\/\\\/sifnoslighthouse.com\\\/de\\\/standort\\\/#breadcrumb\",\"itemListElement\":[{\"@type\":\"ListItem\",\"position\":1,\"name\":\"Home\",\"item\":\"https:\\\/\\\/sifnoslighthouse.com\\\/de\\\/\"},{\"@type\":\"ListItem\",\"position\":2,\"name\":\"Standort\"}]},{\"@type\":\"WebSite\",\"@id\":\"https:\\\/\\\/brown-kudu-423544.hostingersite.com\\\/#website\",\"url\":\"https:\\\/\\\/brown-kudu-423544.hostingersite.com\\\/\",\"name\":\"Official Web Site of Lighthouse\",\"description\":\"Hotel Sifnos\",\"publisher\":{\"@id\":\"https:\\\/\\\/brown-kudu-423544.hostingersite.com\\\/#organization\"},\"alternateName\":\"Accommodation Sifnos\",\"potentialAction\":[{\"@type\":\"SearchAction\",\"target\":{\"@type\":\"EntryPoint\",\"urlTemplate\":\"https:\\\/\\\/brown-kudu-423544.hostingersite.com\\\/?s={search_term_string}\"},\"query-input\":{\"@type\":\"PropertyValueSpecification\",\"valueRequired\":true,\"valueName\":\"search_term_string\"}}],\"inLanguage\":\"de\"},{\"@type\":\"Organization\",\"@id\":\"https:\\\/\\\/brown-kudu-423544.hostingersite.com\\\/#organization\",\"name\":\"Light house Faros Sifnos\",\"url\":\"https:\\\/\\\/brown-kudu-423544.hostingersite.com\\\/\",\"logo\":{\"@type\":\"ImageObject\",\"inLanguage\":\"de\",\"@id\":\"https:\\\/\\\/brown-kudu-423544.hostingersite.com\\\/#\\\/schema\\\/logo\\\/image\\\/\",\"url\":\"https:\\\/\\\/sifnoslighthouse.com\\\/wp-content\\\/uploads\\\/2022\\\/01\\\/logo.png\",\"contentUrl\":\"https:\\\/\\\/sifnoslighthouse.com\\\/wp-content\\\/uploads\\\/2022\\\/01\\\/logo.png\",\"width\":350,\"height\":198,\"caption\":\"Light house Faros Sifnos\"},\"image\":{\"@id\":\"https:\\\/\\\/brown-kudu-423544.hostingersite.com\\\/#\\\/schema\\\/logo\\\/image\\\/\"},\"sameAs\":[\"https:\\\/\\\/www.facebook.com\\\/SifnosHotels\",\"https:\\\/\\\/x.com\\\/sifnolighthouse\",\"https:\\\/\\\/gr.pinterest.com\\\/SifnosHotels\\\/_created\\\/\"]}]}<\/script>\n<!-- \/ Yoast SEO plugin. -->","yoast_head_json":{"title":"Standort - Official Web Site of Lighthouse","robots":{"index":"index","follow":"follow","max-snippet":"max-snippet:-1","max-image-preview":"max-image-preview:large","max-video-preview":"max-video-preview:-1"},"canonical":"https:\/\/sifnoslighthouse.com\/de\/standort\/","og_locale":"de_DE","og_type":"article","og_title":"Standort - Official Web Site of Lighthouse","og_description":"[vc_row full_width=&#8221;stretch_row_content_no_spaces&#8221;][vc_column][vc_row_inner][vc_column_inner][vc_empty_space][\/vc_column_inner][\/vc_row_inner][\/vc_column][\/vc_row][vc_row][vc_column][\/vc_column][\/vc_row][vc_row][vc_column][vc_empty_space][vc_gmaps link=&#8221;#E-8_JTNDaWZyYW1lJTIwc3JjJTNEJTIyaHR0cHMlM0ElMkYlMkZ3d3cuZ29vZ2xlLmNvbSUyRm1hcHMlMkZlbWJlZCUzRnBiJTNEJTIxMW0yNCUyMTFtMTIlMjExbTMlMjExZDEwNzI0LjI5NTUzODM0MzI3NSUyMTJkMjQuNzUxMTAwMjUyMDYwNjAzJTIxM2QzNi45NTM2NDU4ODAwMTIwMDQlMjEybTMlMjExZjAlMjEyZjAlMjEzZjAlMjEzbTIlMjExaTEwMjQlMjEyaTc2OCUyMTRmMTMuMSUyMTRtOSUyMTNlMCUyMTRtMyUyMTNtMiUyMTFkMzYuOTU0Mzg1NTk5OTk5OTk1JTIxMmQyNC43NTUwNTM5JTIxNG0zJTIxM20yJTIxMWQzNi45NTAwMjklMjEyZDI0Ljc1OTczOTk5OTk5OTk5NyUyMTVlMCUyMTNtMiUyMTFzZWwlMjEyc2dyJTIxNHYxNjM4MTA0MzAxNDIwJTIxNW0yJTIxMXNlbCUyMTJzZ3IlMjIlMjB3aWR0aCUzRCUyMjYwMCUyMiUyMGhlaWdodCUzRCUyMjQ1MCUyMiUyMHN0eWxlJTNEJTIyYm9yZGVyJTNBMCUzQiUyMiUyMGFsbG93ZnVsbHNjcmVlbiUzRCUyMiUyMiUyMGxvYWRpbmclM0QlMjJsYXp5JTIyJTNFJTNDJTJGaWZyYW1lJTNF&#8221;][\/vc_column][\/vc_row]","og_url":"https:\/\/sifnoslighthouse.com\/de\/standort\/","og_site_name":"Official Web Site of Lighthouse","article_publisher":"https:\/\/www.facebook.com\/SifnosHotels","article_modified_time":"2025-11-18T13:18:49+00:00","og_image":[{"width":1920,"height":1026,"url":"https:\/\/sifnoslighthouse.com\/wp-content\/uploads\/2021\/11\/IMG_0015.jpg","type":"image\/jpeg"}],"twitter_card":"summary_large_image","twitter_site":"@sifnolighthouse","twitter_misc":{"Gesch\u00e4tzte Lesezeit":"2\u00a0Minuten"},"schema":{"@context":"https:\/\/schema.org","@graph":[{"@type":"WebPage","@id":"https:\/\/sifnoslighthouse.com\/de\/standort\/","url":"https:\/\/sifnoslighthouse.com\/de\/standort\/","name":"Standort - Official Web Site of Lighthouse","isPartOf":{"@id":"https:\/\/brown-kudu-423544.hostingersite.com\/#website"},"datePublished":"2023-02-05T13:19:12+00:00","dateModified":"2025-11-18T13:18:49+00:00","breadcrumb":{"@id":"https:\/\/sifnoslighthouse.com\/de\/standort\/#breadcrumb"},"inLanguage":"de","potentialAction":[{"@type":"ReadAction","target":["https:\/\/sifnoslighthouse.com\/de\/standort\/"]}]},{"@type":"BreadcrumbList","@id":"https:\/\/sifnoslighthouse.com\/de\/standort\/#breadcrumb","itemListElement":[{"@type":"ListItem","position":1,"name":"Home","item":"https:\/\/sifnoslighthouse.com\/de\/"},{"@type":"ListItem","position":2,"name":"Standort"}]},{"@type":"WebSite","@id":"https:\/\/brown-kudu-423544.hostingersite.com\/#website","url":"https:\/\/brown-kudu-423544.hostingersite.com\/","name":"Official Web Site of Lighthouse","description":"Hotel Sifnos","publisher":{"@id":"https:\/\/brown-kudu-423544.hostingersite.com\/#organization"},"alternateName":"Accommodation Sifnos","potentialAction":[{"@type":"SearchAction","target":{"@type":"EntryPoint","urlTemplate":"https:\/\/brown-kudu-423544.hostingersite.com\/?s={search_term_string}"},"query-input":{"@type":"PropertyValueSpecification","valueRequired":true,"valueName":"search_term_string"}}],"inLanguage":"de"},{"@type":"Organization","@id":"https:\/\/brown-kudu-423544.hostingersite.com\/#organization","name":"Light house Faros Sifnos","url":"https:\/\/brown-kudu-423544.hostingersite.com\/","logo":{"@type":"ImageObject","inLanguage":"de","@id":"https:\/\/brown-kudu-423544.hostingersite.com\/#\/schema\/logo\/image\/","url":"https:\/\/sifnoslighthouse.com\/wp-content\/uploads\/2022\/01\/logo.png","contentUrl":"https:\/\/sifnoslighthouse.com\/wp-content\/uploads\/2022\/01\/logo.png","width":350,"height":198,"caption":"Light house Faros Sifnos"},"image":{"@id":"https:\/\/brown-kudu-423544.hostingersite.com\/#\/schema\/logo\/image\/"},"sameAs":["https:\/\/www.facebook.com\/SifnosHotels","https:\/\/x.com\/sifnolighthouse","https:\/\/gr.pinterest.com\/SifnosHotels\/_created\/"]}]}},"_links":{"self":[{"href":"https:\/\/sifnoslighthouse.com\/de\/wp-json\/wp\/v2\/pages\/3938","targetHints":{"allow":["GET"]}}],"collection":[{"href":"https:\/\/sifnoslighthouse.com\/de\/wp-json\/wp\/v2\/pages"}],"about":[{"href":"https:\/\/sifnoslighthouse.com\/de\/wp-json\/wp\/v2\/types\/page"}],"author":[{"embeddable":true,"href":"https:\/\/sifnoslighthouse.com\/de\/wp-json\/wp\/v2\/users\/1"}],"replies":[{"embeddable":true,"href":"https:\/\/sifnoslighthouse.com\/de\/wp-json\/wp\/v2\/comments?post=3938"}],"version-history":[{"count":0,"href":"https:\/\/sifnoslighthouse.com\/de\/wp-json\/wp\/v2\/pages\/3938\/revisions"}],"wp:attachment":[{"href":"https:\/\/sifnoslighthouse.com\/de\/wp-json\/wp\/v2\/media?parent=3938"}],"curies":[{"name":"wp","href":"https:\/\/api.w.org\/{rel}","templated":true}]}}