{"id":3922,"date":"2023-02-05T13:03:39","date_gmt":"2023-02-05T13:03:39","guid":{"rendered":"https:\/\/sifnoslighthouse.com\/covid-19\/"},"modified":"2025-11-12T13:28:40","modified_gmt":"2025-11-12T13:28:40","slug":"covid-19","status":"publish","type":"page","link":"https:\/\/sifnoslighthouse.com\/de\/covid-19\/","title":{"rendered":"Covid 19"},"content":{"rendered":"<div class=\"wpb-content-wrapper\"><p>[vc_row full_width=&#8221;stretch_row_content_no_spaces&#8221;][vc_column]<div  class=\"hero-slider hero-slider--booking style1 hero-slider__big\" data-autoplay=\"false\" data-loop=\"false\" data-speed=\"5000\"><div class=\"hero-slider__items\"><div class=\"hero-slider__item has-overlay\" style=\"background-image: url(https:\/\/sifnoslighthouse.com\/wp-content\/uploads\/2021\/12\/8.jpg);\"><div class=\"hero-slider__wrap jumbotron-text__content\"><div class=\"subtitle subtitle--slider\"><\/div><div class=\"title title--slider\">Covid 19<\/div><\/div><\/div><\/div><\/div>[\/vc_column][\/vc_row][vc_row][vc_column]<div class=\"text-block \" ><div class=\"simple-text \"><h1>COVID 19 &#8211; Operative Ma\u00dfnahmen<\/h1>\n<p>Liebe Freunde, Ihre Gesundheit und Ihr Wohlbefinden stehen bei uns an erster Stelle! Wir informieren Sie, dass unsere Unterkunft nach den Anweisungen der griechischen Regierung f\u00fcr Gesundheits- und Sicherheitsprotokolle arbeitet und dass unser Personal gegen Covid-19 geimpft ist!<\/p>\n<p>LENKUNGSGRUNDS\u00c4TZE Intensive Reinigung &amp; Desinfektion aller High-Touch-Bereiche. Desinfektionsmittel f\u00fcr die Handreinigung im \u00f6ffentlichen Bereich der Rezeption. Wahrung sozialer Abst\u00e4nde im \u00f6ffentlichen Raum. Der Einsatz pers\u00f6nlicher Schutzausr\u00fcstung sowie strenge Hygienevorschriften f\u00fcr unsere Teammitglieder werden befolgt. Nicht-Einwohner sind in unserem Haus nicht erlaubt.<\/p>\n<p>Check-in | Check-out<\/p>\n<p>Mit dem Einsatz der neuesten Technologie k\u00f6nnen Sie online (auf Anfrage) einchecken, indem Sie eine E-Mail erhalten, 72 Stunden vor Ihrer Ankunft, auf diese Weise erreichen wir die Einhaltung von Sicherheitsabst\u00e4nden und Staufreiheit im gemeinsamen Bereich der Rezeption. Dar\u00fcber hinaus werden alle Sicherheitsma\u00dfnahmen beachtet, wie die Verwendung von Schutzausr\u00fcstung durch Mitarbeiter, Glasteiler an der Rezeption und Markierung des Bereichs mit Anweisungen. Der Check-in beginnt um 15:00 Uhr, um die Zimmer gr\u00fcndlich zu reinigen und zu desinfizieren. Der Check-out findet bis 11:00 Uhr statt.<\/p>\n<p><strong>Dekontaminierung &#8211; \u00d6ffentliche Bereiche<\/strong><br \/>\nH\u00e4ufige Desinfektion aller Fl\u00e4chen in Gemeinschaftsr\u00e4umen mit geeigneten und zugelassenen Produkten, die vom G.O.P.<\/p>\n<p><strong>Zimmer<\/strong><br \/>\nAlle nicht notwendigen Gegenst\u00e4nde wie Zeitschriften, Brosch\u00fcren usw. werden aus den Zimmern entfernt. Das Reinigungspersonal wird alle vorgeschriebenen Hygienevorschriften befolgen und dabei den notwendigen Schutz verwenden. Bettw\u00e4sche und Handt\u00fccher werden alle 3 Tage gewechselt. Die Reinigung des Raumes erfolgt mit den G.O.P zertifizierten Desinfektionsmitteln mit besonderem Schwerpunkt auf der Desinfektion von High-Touch-Bereichen wie Drehkn\u00f6pfen, Schaltern, Klimaanlagen und TV. Matratzen, Kissen und Vorh\u00e4nge werden mit einem Dampfsystem desinfiziert und zus\u00e4tzlich.<\/p>\n<\/div><\/div>[\/vc_column][\/vc_row]<\/p>\n<\/div>","protected":false},"excerpt":{"rendered":"<p>[vc_row full_width=&#8221;stretch_row_content_no_spaces&#8221;][vc_column][\/vc_column][\/vc_row][vc_row][vc_column][\/vc_column][\/vc_row]<\/p>\n","protected":false},"author":1,"featured_media":0,"parent":0,"menu_order":0,"comment_status":"closed","ping_status":"closed","template":"","meta":{"footnotes":""},"class_list":["post-3922","page","type-page","status-publish","hentry"],"yoast_head":"<!-- This site is optimized with the Yoast SEO plugin v27.4 - https:\/\/yoast.com\/product\/yoast-seo-wordpress\/ -->\n<title>Covid 19 - Official Web Site of Lighthouse<\/title>\n<meta name=\"robots\" content=\"index, follow, max-snippet:-1, max-image-preview:large, max-video-preview:-1\" \/>\n<link rel=\"canonical\" href=\"https:\/\/sifnoslighthouse.com\/de\/covid-19\/\" \/>\n<meta property=\"og:locale\" content=\"de_DE\" \/>\n<meta property=\"og:type\" content=\"article\" \/>\n<meta property=\"og:title\" content=\"Covid 19 - Official Web Site of Lighthouse\" \/>\n<meta property=\"og:description\" content=\"[vc_row full_width=&#8221;stretch_row_content_no_spaces&#8221;][vc_column][\/vc_column][\/vc_row][vc_row][vc_column][\/vc_column][\/vc_row]\" \/>\n<meta property=\"og:url\" content=\"https:\/\/sifnoslighthouse.com\/de\/covid-19\/\" \/>\n<meta property=\"og:site_name\" content=\"Official Web Site of Lighthouse\" \/>\n<meta property=\"article:publisher\" content=\"https:\/\/www.facebook.com\/SifnosHotels\" \/>\n<meta property=\"article:modified_time\" content=\"2025-11-12T13:28:40+00:00\" \/>\n<meta property=\"og:image\" content=\"https:\/\/sifnoslighthouse.com\/wp-content\/uploads\/2021\/11\/IMG_0015.jpg\" \/>\n\t<meta property=\"og:image:width\" content=\"1920\" \/>\n\t<meta property=\"og:image:height\" content=\"1026\" \/>\n\t<meta property=\"og:image:type\" content=\"image\/jpeg\" \/>\n<meta name=\"twitter:card\" content=\"summary_large_image\" \/>\n<meta name=\"twitter:site\" content=\"@sifnolighthouse\" \/>\n<meta name=\"twitter:label1\" content=\"Gesch\u00e4tzte Lesezeit\" \/>\n\t<meta name=\"twitter:data1\" content=\"2\u00a0Minuten\" \/>\n<script type=\"application\/ld+json\" class=\"yoast-schema-graph\">{\"@context\":\"https:\\\/\\\/schema.org\",\"@graph\":[{\"@type\":\"WebPage\",\"@id\":\"https:\\\/\\\/sifnoslighthouse.com\\\/de\\\/covid-19\\\/\",\"url\":\"https:\\\/\\\/sifnoslighthouse.com\\\/de\\\/covid-19\\\/\",\"name\":\"Covid 19 - Official Web Site of Lighthouse\",\"isPartOf\":{\"@id\":\"https:\\\/\\\/brown-kudu-423544.hostingersite.com\\\/#website\"},\"datePublished\":\"2023-02-05T13:03:39+00:00\",\"dateModified\":\"2025-11-12T13:28:40+00:00\",\"breadcrumb\":{\"@id\":\"https:\\\/\\\/sifnoslighthouse.com\\\/de\\\/covid-19\\\/#breadcrumb\"},\"inLanguage\":\"de\",\"potentialAction\":[{\"@type\":\"ReadAction\",\"target\":[\"https:\\\/\\\/sifnoslighthouse.com\\\/de\\\/covid-19\\\/\"]}]},{\"@type\":\"BreadcrumbList\",\"@id\":\"https:\\\/\\\/sifnoslighthouse.com\\\/de\\\/covid-19\\\/#breadcrumb\",\"itemListElement\":[{\"@type\":\"ListItem\",\"position\":1,\"name\":\"Home\",\"item\":\"https:\\\/\\\/sifnoslighthouse.com\\\/de\\\/\"},{\"@type\":\"ListItem\",\"position\":2,\"name\":\"Covid 19\"}]},{\"@type\":\"WebSite\",\"@id\":\"https:\\\/\\\/brown-kudu-423544.hostingersite.com\\\/#website\",\"url\":\"https:\\\/\\\/brown-kudu-423544.hostingersite.com\\\/\",\"name\":\"Official Web Site of Lighthouse\",\"description\":\"Hotel Sifnos\",\"publisher\":{\"@id\":\"https:\\\/\\\/brown-kudu-423544.hostingersite.com\\\/#organization\"},\"alternateName\":\"Accommodation Sifnos\",\"potentialAction\":[{\"@type\":\"SearchAction\",\"target\":{\"@type\":\"EntryPoint\",\"urlTemplate\":\"https:\\\/\\\/brown-kudu-423544.hostingersite.com\\\/?s={search_term_string}\"},\"query-input\":{\"@type\":\"PropertyValueSpecification\",\"valueRequired\":true,\"valueName\":\"search_term_string\"}}],\"inLanguage\":\"de\"},{\"@type\":\"Organization\",\"@id\":\"https:\\\/\\\/brown-kudu-423544.hostingersite.com\\\/#organization\",\"name\":\"Light house Faros Sifnos\",\"url\":\"https:\\\/\\\/brown-kudu-423544.hostingersite.com\\\/\",\"logo\":{\"@type\":\"ImageObject\",\"inLanguage\":\"de\",\"@id\":\"https:\\\/\\\/brown-kudu-423544.hostingersite.com\\\/#\\\/schema\\\/logo\\\/image\\\/\",\"url\":\"https:\\\/\\\/sifnoslighthouse.com\\\/wp-content\\\/uploads\\\/2022\\\/01\\\/logo.png\",\"contentUrl\":\"https:\\\/\\\/sifnoslighthouse.com\\\/wp-content\\\/uploads\\\/2022\\\/01\\\/logo.png\",\"width\":350,\"height\":198,\"caption\":\"Light house Faros Sifnos\"},\"image\":{\"@id\":\"https:\\\/\\\/brown-kudu-423544.hostingersite.com\\\/#\\\/schema\\\/logo\\\/image\\\/\"},\"sameAs\":[\"https:\\\/\\\/www.facebook.com\\\/SifnosHotels\",\"https:\\\/\\\/x.com\\\/sifnolighthouse\",\"https:\\\/\\\/gr.pinterest.com\\\/SifnosHotels\\\/_created\\\/\"]}]}<\/script>\n<!-- \/ Yoast SEO plugin. -->","yoast_head_json":{"title":"Covid 19 - Official Web Site of Lighthouse","robots":{"index":"index","follow":"follow","max-snippet":"max-snippet:-1","max-image-preview":"max-image-preview:large","max-video-preview":"max-video-preview:-1"},"canonical":"https:\/\/sifnoslighthouse.com\/de\/covid-19\/","og_locale":"de_DE","og_type":"article","og_title":"Covid 19 - Official Web Site of Lighthouse","og_description":"[vc_row full_width=&#8221;stretch_row_content_no_spaces&#8221;][vc_column][\/vc_column][\/vc_row][vc_row][vc_column][\/vc_column][\/vc_row]","og_url":"https:\/\/sifnoslighthouse.com\/de\/covid-19\/","og_site_name":"Official Web Site of Lighthouse","article_publisher":"https:\/\/www.facebook.com\/SifnosHotels","article_modified_time":"2025-11-12T13:28:40+00:00","og_image":[{"width":1920,"height":1026,"url":"https:\/\/sifnoslighthouse.com\/wp-content\/uploads\/2021\/11\/IMG_0015.jpg","type":"image\/jpeg"}],"twitter_card":"summary_large_image","twitter_site":"@sifnolighthouse","twitter_misc":{"Gesch\u00e4tzte Lesezeit":"2\u00a0Minuten"},"schema":{"@context":"https:\/\/schema.org","@graph":[{"@type":"WebPage","@id":"https:\/\/sifnoslighthouse.com\/de\/covid-19\/","url":"https:\/\/sifnoslighthouse.com\/de\/covid-19\/","name":"Covid 19 - Official Web Site of Lighthouse","isPartOf":{"@id":"https:\/\/brown-kudu-423544.hostingersite.com\/#website"},"datePublished":"2023-02-05T13:03:39+00:00","dateModified":"2025-11-12T13:28:40+00:00","breadcrumb":{"@id":"https:\/\/sifnoslighthouse.com\/de\/covid-19\/#breadcrumb"},"inLanguage":"de","potentialAction":[{"@type":"ReadAction","target":["https:\/\/sifnoslighthouse.com\/de\/covid-19\/"]}]},{"@type":"BreadcrumbList","@id":"https:\/\/sifnoslighthouse.com\/de\/covid-19\/#breadcrumb","itemListElement":[{"@type":"ListItem","position":1,"name":"Home","item":"https:\/\/sifnoslighthouse.com\/de\/"},{"@type":"ListItem","position":2,"name":"Covid 19"}]},{"@type":"WebSite","@id":"https:\/\/brown-kudu-423544.hostingersite.com\/#website","url":"https:\/\/brown-kudu-423544.hostingersite.com\/","name":"Official Web Site of Lighthouse","description":"Hotel Sifnos","publisher":{"@id":"https:\/\/brown-kudu-423544.hostingersite.com\/#organization"},"alternateName":"Accommodation Sifnos","potentialAction":[{"@type":"SearchAction","target":{"@type":"EntryPoint","urlTemplate":"https:\/\/brown-kudu-423544.hostingersite.com\/?s={search_term_string}"},"query-input":{"@type":"PropertyValueSpecification","valueRequired":true,"valueName":"search_term_string"}}],"inLanguage":"de"},{"@type":"Organization","@id":"https:\/\/brown-kudu-423544.hostingersite.com\/#organization","name":"Light house Faros Sifnos","url":"https:\/\/brown-kudu-423544.hostingersite.com\/","logo":{"@type":"ImageObject","inLanguage":"de","@id":"https:\/\/brown-kudu-423544.hostingersite.com\/#\/schema\/logo\/image\/","url":"https:\/\/sifnoslighthouse.com\/wp-content\/uploads\/2022\/01\/logo.png","contentUrl":"https:\/\/sifnoslighthouse.com\/wp-content\/uploads\/2022\/01\/logo.png","width":350,"height":198,"caption":"Light house Faros Sifnos"},"image":{"@id":"https:\/\/brown-kudu-423544.hostingersite.com\/#\/schema\/logo\/image\/"},"sameAs":["https:\/\/www.facebook.com\/SifnosHotels","https:\/\/x.com\/sifnolighthouse","https:\/\/gr.pinterest.com\/SifnosHotels\/_created\/"]}]}},"_links":{"self":[{"href":"https:\/\/sifnoslighthouse.com\/de\/wp-json\/wp\/v2\/pages\/3922","targetHints":{"allow":["GET"]}}],"collection":[{"href":"https:\/\/sifnoslighthouse.com\/de\/wp-json\/wp\/v2\/pages"}],"about":[{"href":"https:\/\/sifnoslighthouse.com\/de\/wp-json\/wp\/v2\/types\/page"}],"author":[{"embeddable":true,"href":"https:\/\/sifnoslighthouse.com\/de\/wp-json\/wp\/v2\/users\/1"}],"replies":[{"embeddable":true,"href":"https:\/\/sifnoslighthouse.com\/de\/wp-json\/wp\/v2\/comments?post=3922"}],"version-history":[{"count":0,"href":"https:\/\/sifnoslighthouse.com\/de\/wp-json\/wp\/v2\/pages\/3922\/revisions"}],"wp:attachment":[{"href":"https:\/\/sifnoslighthouse.com\/de\/wp-json\/wp\/v2\/media?parent=3922"}],"curies":[{"name":"wp","href":"https:\/\/api.w.org\/{rel}","templated":true}]}}